{"id":1263,"date":"2019-12-16T16:17:44","date_gmt":"2019-12-16T15:17:44","guid":{"rendered":"http:\/\/www.bellinghausen.at\/bow-exhibitions\/klanggestalten-an-der-universitaet-fuer-musik-und-darstellende-kunst-3\/"},"modified":"2019-12-28T22:51:20","modified_gmt":"2019-12-28T21:51:20","slug":"one-form-twenty-violins","status":"publish","type":"page","link":"https:\/\/www.bellinghausen.at\/de\/projects\/one-form-twenty-violins\/","title":{"rendered":"ONE FORM TWENTY VIOLINS"},"content":{"rendered":"\n<div class=\"wp-block-columns has-2-columns is-layout-flex wp-container-core-columns-is-layout-9d6595d7 wp-block-columns-is-layout-flex\">\n<div class=\"wp-block-column is-layout-flow wp-block-column-is-layout-flow\">\n<p>A new project by FC-Fertans 2019<\/p>\n\n\n\n<p>Idee und Koordination: B\u00e4rbel Bellinghausen, Wien und Andreas Hampel, Hamburg.&nbsp;Entwurf der Innenform: Francois Denis, Angers<\/p>\n\n\n\n<p>Welche baulichen Parameter bestimmen den Klang der Violine? Eine Ann\u00e4herung.&nbsp;20 GeigenbauerInnen bauen ein Instrument \u00fcber der gleichen Form.<\/p>\n\n\n\n<p>In diesem Projekt wird der Vergleichbarkeit von Geigen nachgegangen. Der klangliche Vergleich zweier oder mehrerer Geigen aus verschiedener Hand ist insofern wenig aufschlu\u00dfreich im Hinblick auf die Wirkung einzelner baulicher Parameter, als sich Modell und somit Innenvolumen meist stark voneinander unterscheiden. Bei unserer Versuchsreihe k\u00f6nnen Geschwisterinstrumente, die \u00fcber dergleichen Form gebaut wurden, und deren Unterschiede genau dokumentiert sind, miteinander verglichen werden.<\/p>\n\n\n\n<p>Die Versuchsanordnung entspricht der Situation \u00e4hnlich der in einer alten Cremoneser Werkstatt mit vielen Angestellten, die im Dialog miteinander \u00fcber der gleichen Form des Meisters ein Instrument bauen &#8211; alle in vollendeter Meisterschaft geschaffen und im Modell gleich, aber mit kleinen nachvollziehbaren Unterschieden. ONE FORM TWENTY VIOLINS l\u00e4\u00dft alle Arbeitschritte von allen TeilnehmerInnen genauestens dokumentieren.<\/p>\n\n\n\n<p>Wir haben das Gl\u00fcck, in unserer Mitte einen der profiliertesten Experten f\u00fcr die klassischen Konstruktionsprinzipien der Geige zu haben, Francois Denis, Verfasser des Buchs \u201eTrait\u00e9 de Lutherie &#8211; Les petits raisons des Arts et du violon, The violin and the art of measurement\u201c. Francois Denis hat ein speziell f\u00fcr diesen Versuch nach klassischen Methoden konstruiertes Modell entworfen. Seit Anfang des Winters 2018 wird in 20 Geigenbauwerkst\u00e4tten \u00fcber diesem Modell geknobelt, mit dem Ziel, bestm\u00f6gliche klangliche Ergebnisse zu erzielen. Die auf dem Weg zu diesem Ziel beschrittenen Wege sind aber so unterschiedlich wie die ErbauerInnen.<\/p>\n\n\n\n<p>Am Ende des Versuches wird die klangliche Evaluierung der Instrumente stehen. Verschiedene SolistInnen werden die Instrumente in einem Klangtest anspielen. Auch k\u00f6nnen die Besucher, Lehrende, Studierende und alle am Thema Geige interessierten SpielerInnen selber ausloten, was die Instrumente leisten. Die MusikerInnen und GeigenbauerInnen sind eingeladen, die Instrumente nach ihren Eigenschaften subjektiv zu gruppieren und dann mit den baulichen Daten in \u00dcbereinstimmung zu bringen: Favorisiere ich Geigen mit hoher W\u00f6lbung? Geigen mit ausgepr\u00e4gtem Gegenschwung in der W\u00f6lbung? Wirken sich gro\u00dfe FF-L\u00f6cher positiv aus? Klingen alle Geigen mit einer bestimmten W\u00f6lbung eher dunkel?<\/p>\n\n\n\n<p>Ziel des Versuches kann nicht sein, die Wirkungsweise der Geige ein f\u00fcr alle Male verst\u00e4ndlich darzustellen. Das Faszinierendste am Geigenbau bleibt die un\u00fcberschaubare Zahl der m\u00f6glichen Kombinationen verschiedener Konstruktionsparameter. Aber wir k\u00f6nnen uns gemeinsam mit den BesucherInnen einer Beurteilung ann\u00e4hern, und gerne darf sie subjektiv sein, da es Objektivit\u00e4t in Bezug auf Klang nicht gibt.<\/p>\n\n\n\n<p>Demnach endet der Versuch auch nicht mit einem Ranking der 20 Instrumente, aber hoffentlich mit viel pers\u00f6nlicher Erkenntnis aller Beteiligten.<\/p>\n\n\n\n<p>Die 20 Geigen werden zum ersten mal im Juni 2019 in Frankreich auf unserer Arbeitswoche in Fertans im Jura zusammengef\u00fchrt. Ende November am 22.11.2019 werden sie in Wien an der Universit\u00e4t f\u00fcr Musik und darstellende Kunst pr\u00e4sentiert werden.<\/p>\n<\/div>\n\n\n\n<div class=\"wp-block-column is-layout-flow wp-block-column-is-layout-flow\"><p>[FinalTilesGallery id=&#8217;1&#8242;]<\/p>\n<\/div>\n<\/div>\n","protected":false},"excerpt":{"rendered":"<p>A new project by FC-Fertans 2019 Idee und Koordination: B\u00e4rbel Bellinghausen, Wien und Andreas Hampel, Hamburg.&nbsp;Entwurf der Innenform: Francois Denis, Angers Welche baulichen Parameter bestimmen den Klang der Violine? Eine Ann\u00e4herung.&nbsp;20 GeigenbauerInnen bauen ein Instrument \u00fcber der gleichen Form. In diesem Projekt wird der Vergleichbarkeit von Geigen nachgegangen. Der klangliche Vergleich zweier oder mehrerer Geigen &hellip; <a href=\"https:\/\/www.bellinghausen.at\/de\/projects\/one-form-twenty-violins\/\" class=\"more-link\"><span class=\"screen-reader-text\">\u201eONE FORM TWENTY VIOLINS\u201c <\/span>weiterlesen<\/a><\/p>\n","protected":false},"author":2,"featured_media":0,"parent":95,"menu_order":0,"comment_status":"closed","ping_status":"closed","template":"","meta":{"inline_featured_image":false,"footnotes":""},"class_list":["post-1263","page","type-page","status-publish","hentry"],"translation":{"provider":"WPGlobus","version":"3.0.1","language":"de","enabled_languages":["en","de"],"languages":{"en":{"title":true,"content":true,"excerpt":false},"de":{"title":true,"content":true,"excerpt":false}}},"yoast_head":"<!-- This site is optimized with the Yoast SEO plugin v26.6 - https:\/\/yoast.com\/wordpress\/plugins\/seo\/ -->\n<title>B\u00e4rbel Bellinghausen &#8211; ONE FORM TWENTY VIOLINS<\/title>\n<meta name=\"robots\" content=\"index, follow, max-snippet:-1, max-image-preview:large, max-video-preview:-1\" \/>\n<link rel=\"canonical\" href=\"https:\/\/www.bellinghausen.at\/projects\/one-form-twenty-violins\/\" \/>\n<meta property=\"og:locale\" content=\"de_DE\" \/>\n<meta property=\"og:type\" content=\"article\" \/>\n<meta property=\"og:title\" content=\"B\u00e4rbel Bellinghausen &#8211; ONE FORM TWENTY VIOLINS\" \/>\n<meta property=\"og:url\" content=\"https:\/\/www.bellinghausen.at\/projects\/one-form-twenty-violins\/\" \/>\n<meta property=\"og:site_name\" content=\"B\u00e4rbel Bellinghausen\" \/>\n<meta property=\"article:publisher\" content=\"https:\/\/www.facebook.com\/barbel.bellinghausen\" \/>\n<meta property=\"article:modified_time\" content=\"2019-12-28T21:51:20+00:00\" \/>\n<meta name=\"twitter:card\" content=\"summary_large_image\" \/>\n<meta name=\"twitter:label1\" content=\"Gesch\u00e4tzte Lesezeit\" \/>\n\t<meta name=\"twitter:data1\" content=\"5\u00a0Minuten\" \/>\n<script type=\"application\/ld+json\" class=\"yoast-schema-graph\">{\"@context\":\"https:\/\/schema.org\",\"@graph\":[{\"@type\":\"WebPage\",\"@id\":\"https:\/\/www.bellinghausen.at\/projects\/one-form-twenty-violins\/\",\"url\":\"https:\/\/www.bellinghausen.at\/projects\/one-form-twenty-violins\/\",\"name\":\"B\u00e4rbel Bellinghausen &#8211; ONE FORM TWENTY VIOLINS\",\"isPartOf\":{\"@id\":\"https:\/\/www.bellinghausen.at\/#website\"},\"datePublished\":\"2019-12-16T15:17:44+00:00\",\"dateModified\":\"2019-12-28T21:51:20+00:00\",\"description\":\"B\u00e4rbel Bellinghausen, Geigenbaumeisterin in Wien, Mitglied der Klanggestalten, Klangeinstellungen und Klangoptimierung von Instrumenten, B\u00f6genbez\u00fcge erneuern\",\"breadcrumb\":{\"@id\":\"https:\/\/www.bellinghausen.at\/projects\/one-form-twenty-violins\/#breadcrumb\"},\"inLanguage\":\"de\",\"potentialAction\":[{\"@type\":\"ReadAction\",\"target\":[\"https:\/\/www.bellinghausen.at\/projects\/one-form-twenty-violins\/\"]}]},{\"@type\":\"BreadcrumbList\",\"@id\":\"https:\/\/www.bellinghausen.at\/projects\/one-form-twenty-violins\/#breadcrumb\",\"itemListElement\":[{\"@type\":\"ListItem\",\"position\":1,\"name\":\"Startseite\",\"item\":\"https:\/\/www.bellinghausen.at\/\"},{\"@type\":\"ListItem\",\"position\":2,\"name\":\"Projects\",\"item\":\"https:\/\/www.bellinghausen.at\/projects\/\"},{\"@type\":\"ListItem\",\"position\":3,\"name\":\"ONE FORM TWENTY VIOLINS\"}]},{\"@type\":\"WebSite\",\"@id\":\"https:\/\/www.bellinghausen.at\/#website\",\"url\":\"https:\/\/www.bellinghausen.at\/\",\"name\":\"B\u00e4rbel Bellinghausen\",\"description\":\"Violinen\",\"publisher\":{\"@id\":\"https:\/\/www.bellinghausen.at\/#organization\"},\"potentialAction\":[{\"@type\":\"SearchAction\",\"target\":{\"@type\":\"EntryPoint\",\"urlTemplate\":\"https:\/\/www.bellinghausen.at\/?s={search_term_string}\"},\"query-input\":{\"@type\":\"PropertyValueSpecification\",\"valueRequired\":true,\"valueName\":\"search_term_string\"}}],\"inLanguage\":\"de\"},{\"@type\":\"Organization\",\"@id\":\"https:\/\/www.bellinghausen.at\/#organization\",\"name\":\"B\u00e4rbel Bellinghausen Violins\",\"url\":\"https:\/\/www.bellinghausen.at\/\",\"logo\":{\"@type\":\"ImageObject\",\"inLanguage\":\"de\",\"@id\":\"https:\/\/www.bellinghausen.at\/#\/schema\/logo\/image\/\",\"url\":\"https:\/\/www.bellinghausen.at\/wp-content\/uploads\/2018\/03\/BB_Logo_1729x240.png\",\"contentUrl\":\"https:\/\/www.bellinghausen.at\/wp-content\/uploads\/2018\/03\/BB_Logo_1729x240.png\",\"width\":1729,\"height\":240,\"caption\":\"B\u00e4rbel Bellinghausen Violins\"},\"image\":{\"@id\":\"https:\/\/www.bellinghausen.at\/#\/schema\/logo\/image\/\"},\"sameAs\":[\"https:\/\/www.facebook.com\/barbel.bellinghausen\"]}]}<\/script>\n<!-- \/ Yoast SEO plugin. -->","yoast_head_json":{"title":"B\u00e4rbel Bellinghausen &#8211; ONE FORM TWENTY VIOLINS","robots":{"index":"index","follow":"follow","max-snippet":"max-snippet:-1","max-image-preview":"max-image-preview:large","max-video-preview":"max-video-preview:-1"},"canonical":"https:\/\/www.bellinghausen.at\/projects\/one-form-twenty-violins\/","og_locale":"de_DE","og_type":"article","og_title":"B\u00e4rbel Bellinghausen &#8211; ONE FORM TWENTY VIOLINS","og_url":"https:\/\/www.bellinghausen.at\/projects\/one-form-twenty-violins\/","og_site_name":"B\u00e4rbel Bellinghausen","article_publisher":"https:\/\/www.facebook.com\/barbel.bellinghausen","article_modified_time":"2019-12-28T21:51:20+00:00","twitter_card":"summary_large_image","twitter_misc":{"Gesch\u00e4tzte Lesezeit":"5\u00a0Minuten"},"schema":{"@context":"https:\/\/schema.org","@graph":[{"@type":"WebPage","@id":"https:\/\/www.bellinghausen.at\/projects\/one-form-twenty-violins\/","url":"https:\/\/www.bellinghausen.at\/projects\/one-form-twenty-violins\/","name":"B\u00e4rbel Bellinghausen &#8211; ONE FORM TWENTY VIOLINS","isPartOf":{"@id":"https:\/\/www.bellinghausen.at\/#website"},"datePublished":"2019-12-16T15:17:44+00:00","dateModified":"2019-12-28T21:51:20+00:00","description":"B\u00e4rbel Bellinghausen, Geigenbaumeisterin in Wien, Mitglied der Klanggestalten, Klangeinstellungen und Klangoptimierung von Instrumenten, B\u00f6genbez\u00fcge erneuern","breadcrumb":{"@id":"https:\/\/www.bellinghausen.at\/projects\/one-form-twenty-violins\/#breadcrumb"},"inLanguage":"de","potentialAction":[{"@type":"ReadAction","target":["https:\/\/www.bellinghausen.at\/projects\/one-form-twenty-violins\/"]}]},{"@type":"BreadcrumbList","@id":"https:\/\/www.bellinghausen.at\/projects\/one-form-twenty-violins\/#breadcrumb","itemListElement":[{"@type":"ListItem","position":1,"name":"Startseite","item":"https:\/\/www.bellinghausen.at\/"},{"@type":"ListItem","position":2,"name":"Projects","item":"https:\/\/www.bellinghausen.at\/projects\/"},{"@type":"ListItem","position":3,"name":"ONE FORM TWENTY VIOLINS"}]},{"@type":"WebSite","@id":"https:\/\/www.bellinghausen.at\/#website","url":"https:\/\/www.bellinghausen.at\/","name":"B\u00e4rbel Bellinghausen","description":"Violinen","publisher":{"@id":"https:\/\/www.bellinghausen.at\/#organization"},"potentialAction":[{"@type":"SearchAction","target":{"@type":"EntryPoint","urlTemplate":"https:\/\/www.bellinghausen.at\/?s={search_term_string}"},"query-input":{"@type":"PropertyValueSpecification","valueRequired":true,"valueName":"search_term_string"}}],"inLanguage":"de"},{"@type":"Organization","@id":"https:\/\/www.bellinghausen.at\/#organization","name":"B\u00e4rbel Bellinghausen Violins","url":"https:\/\/www.bellinghausen.at\/","logo":{"@type":"ImageObject","inLanguage":"de","@id":"https:\/\/www.bellinghausen.at\/#\/schema\/logo\/image\/","url":"https:\/\/www.bellinghausen.at\/wp-content\/uploads\/2018\/03\/BB_Logo_1729x240.png","contentUrl":"https:\/\/www.bellinghausen.at\/wp-content\/uploads\/2018\/03\/BB_Logo_1729x240.png","width":1729,"height":240,"caption":"B\u00e4rbel Bellinghausen Violins"},"image":{"@id":"https:\/\/www.bellinghausen.at\/#\/schema\/logo\/image\/"},"sameAs":["https:\/\/www.facebook.com\/barbel.bellinghausen"]}]}},"wps_subtitle":"","_links":{"self":[{"href":"https:\/\/www.bellinghausen.at\/de\/wp-json\/wp\/v2\/pages\/1263","targetHints":{"allow":["GET"]}}],"collection":[{"href":"https:\/\/www.bellinghausen.at\/de\/wp-json\/wp\/v2\/pages"}],"about":[{"href":"https:\/\/www.bellinghausen.at\/de\/wp-json\/wp\/v2\/types\/page"}],"author":[{"embeddable":true,"href":"https:\/\/www.bellinghausen.at\/de\/wp-json\/wp\/v2\/users\/2"}],"replies":[{"embeddable":true,"href":"https:\/\/www.bellinghausen.at\/de\/wp-json\/wp\/v2\/comments?post=1263"}],"version-history":[{"count":1,"href":"https:\/\/www.bellinghausen.at\/de\/wp-json\/wp\/v2\/pages\/1263\/revisions"}],"predecessor-version":[{"id":1308,"href":"https:\/\/www.bellinghausen.at\/de\/wp-json\/wp\/v2\/pages\/1263\/revisions\/1308"}],"up":[{"embeddable":true,"href":"https:\/\/www.bellinghausen.at\/de\/wp-json\/wp\/v2\/pages\/95"}],"wp:attachment":[{"href":"https:\/\/www.bellinghausen.at\/de\/wp-json\/wp\/v2\/media?parent=1263"}],"curies":[{"name":"wp","href":"https:\/\/api.w.org\/{rel}","templated":true}]}}